{"id":527,"date":"2019-06-12T14:12:45","date_gmt":"2019-06-12T14:12:45","guid":{"rendered":"https:\/\/re-energize.eu\/home\/"},"modified":"2025-06-02T09:48:05","modified_gmt":"2025-06-02T09:48:05","slug":"home","status":"publish","type":"page","link":"https:\/\/re-energize.eu\/es\/","title":{"rendered":"Inicio"},"content":{"rendered":"\t\t<div data-elementor-type=\"wp-page\" data-elementor-id=\"527\" class=\"elementor elementor-527\" data-elementor-post-type=\"page\">\n\t\t\t\t\t\t<section class=\"elementor-section elementor-top-section elementor-element elementor-element-dd22044 elementor-section-stretched elementor-section-boxed elementor-section-height-default elementor-section-height-default\" data-id=\"dd22044\" data-element_type=\"section\" data-settings=\"{&quot;stretch_section&quot;:&quot;section-stretched&quot;,&quot;background_background&quot;:&quot;classic&quot;,&quot;ekit_has_onepagescroll_dot&quot;:&quot;yes&quot;}\">\n\t\t\t\t\t\t<div class=\"elementor-container elementor-column-gap-wider\">\n\t\t\t\t\t<div class=\"elementor-column elementor-col-100 elementor-top-column elementor-element elementor-element-fa32e10\" data-id=\"fa32e10\" data-element_type=\"column\">\n\t\t\t<div class=\"elementor-widget-wrap elementor-element-populated\">\n\t\t\t\t\t\t<section class=\"elementor-section elementor-inner-section elementor-element elementor-element-1b6a0c7 elementor-section-content-middle elementor-section-boxed elementor-section-height-default elementor-section-height-default\" data-id=\"1b6a0c7\" data-element_type=\"section\" data-settings=\"{&quot;ekit_has_onepagescroll_dot&quot;:&quot;yes&quot;}\">\n\t\t\t\t\t\t<div class=\"elementor-container elementor-column-gap-wider\">\n\t\t\t\t\t<div class=\"elementor-column elementor-col-50 elementor-inner-column elementor-element elementor-element-3c8b0db\" data-id=\"3c8b0db\" data-element_type=\"column\" data-settings=\"{&quot;background_background&quot;:&quot;classic&quot;}\">\n\t\t\t<div class=\"elementor-widget-wrap elementor-element-populated\">\n\t\t\t\t\t\t<div class=\"elementor-element elementor-element-7d30e3d elementor-widget elementor-widget-spacer\" data-id=\"7d30e3d\" data-element_type=\"widget\" data-settings=\"{&quot;ekit_we_effect_on&quot;:&quot;none&quot;}\" data-widget_type=\"spacer.default\">\n\t\t\t\t<div class=\"elementor-widget-container\">\n\t\t\t\t\t\t\t<div class=\"elementor-spacer\">\n\t\t\t<div class=\"elementor-spacer-inner\"><\/div>\n\t\t<\/div>\n\t\t\t\t\t\t<\/div>\n\t\t\t\t<\/div>\n\t\t\t\t\t<\/div>\n\t\t<\/div>\n\t\t\t\t<div class=\"elementor-column elementor-col-50 elementor-inner-column elementor-element elementor-element-19fbf02\" data-id=\"19fbf02\" data-element_type=\"column\">\n\t\t\t<div class=\"elementor-widget-wrap elementor-element-populated\">\n\t\t\t\t\t\t<div class=\"elementor-element elementor-element-345b28f elementor-widget elementor-widget-text-editor\" data-id=\"345b28f\" data-element_type=\"widget\" data-settings=\"{&quot;ekit_we_effect_on&quot;:&quot;none&quot;}\" data-widget_type=\"text-editor.default\">\n\t\t\t\t<div class=\"elementor-widget-container\">\n\t\t\t\t\t\t\t\t\t<h6 class=\"themecolor\">ABOUT US<\/h6><h4><span style=\"color: #ffffff;\">El proyecto Re-Energize est\u00e1 financiado bajo el programa LIFE, la iniciativa de financiaci\u00f3n principal de la UE para proyectos medioambientales, de conservaci\u00f3n de la naturaleza y de acci\u00f3n clim\u00e1tica.<\/span><\/h4>\t\t\t\t\t\t\t\t<\/div>\n\t\t\t\t<\/div>\n\t\t\t\t<div class=\"elementor-element elementor-element-43a297d elementor-widget elementor-widget-text-editor\" data-id=\"43a297d\" data-element_type=\"widget\" data-settings=\"{&quot;ekit_we_effect_on&quot;:&quot;none&quot;}\" data-widget_type=\"text-editor.default\">\n\t\t\t\t<div class=\"elementor-widget-container\">\n\t\t\t\t\t\t\t\t\t<p><span style=\"color: #ffffff;\">El proyecto Re-Energize tiene como objetivo cubrir la brecha de habilidades en los sectores de calefacci\u00f3n y refrigeraci\u00f3n renovables, enfoc\u00e1ndose espec\u00edficamente en las tecnolog\u00edas de bombas de calor. El proyecto incluye la construcci\u00f3n de capacidad y la sensibilizaci\u00f3n para promover la eficiencia energ\u00e9tica, la participaci\u00f3n p\u00fablica y la instalaci\u00f3n de tecnolog\u00edas sostenibles en diversas regiones europeas. Esto mejorar\u00e1 las competencias, fomentar\u00e1 la colaboraci\u00f3n entre las partes interesadas y apoyar\u00e1 los objetivos energ\u00e9ticos y medioambientales de la UE. \u00a1\u00danete a nosotros en el avance de la transici\u00f3n energ\u00e9tica renovable y la construcci\u00f3n de un futuro sostenible para Europa!Join us in advancing the renewable energy transition and building a sustainable future for Europe!<\/span><\/p>\t\t\t\t\t\t\t\t<\/div>\n\t\t\t\t<\/div>\n\t\t\t\t\t<\/div>\n\t\t<\/div>\n\t\t\t\t\t<\/div>\n\t\t<\/section>\n\t\t\t\t\t<\/div>\n\t\t<\/div>\n\t\t\t\t\t<\/div>\n\t\t<\/section>\n\t\t\t\t<section class=\"elementor-section elementor-top-section elementor-element elementor-element-b5e0b98 elementor-section-stretched elementor-section-boxed elementor-section-height-default elementor-section-height-default\" data-id=\"b5e0b98\" data-element_type=\"section\" data-settings=\"{&quot;stretch_section&quot;:&quot;section-stretched&quot;,&quot;ekit_has_onepagescroll_dot&quot;:&quot;yes&quot;}\">\n\t\t\t\t\t\t<div class=\"elementor-container elementor-column-gap-wider\">\n\t\t\t\t\t<div class=\"elementor-column elementor-col-100 elementor-top-column elementor-element elementor-element-f444867\" data-id=\"f444867\" data-element_type=\"column\">\n\t\t\t<div class=\"elementor-widget-wrap elementor-element-populated\">\n\t\t\t\t\t\t<section class=\"elementor-section elementor-inner-section elementor-element elementor-element-70f06a1 elementor-section-boxed elementor-section-height-default elementor-section-height-default\" data-id=\"70f06a1\" data-element_type=\"section\" data-settings=\"{&quot;ekit_has_onepagescroll_dot&quot;:&quot;yes&quot;}\">\n\t\t\t\t\t\t<div class=\"elementor-container elementor-column-gap-default\">\n\t\t\t\t\t<div class=\"elementor-column elementor-col-100 elementor-inner-column elementor-element elementor-element-33dbc8f\" data-id=\"33dbc8f\" data-element_type=\"column\">\n\t\t\t<div class=\"elementor-widget-wrap elementor-element-populated\">\n\t\t\t\t\t\t<div class=\"elementor-element elementor-element-f1fd6df elementor-widget elementor-widget-text-editor\" data-id=\"f1fd6df\" data-element_type=\"widget\" data-settings=\"{&quot;ekit_we_effect_on&quot;:&quot;none&quot;}\" data-widget_type=\"text-editor.default\">\n\t\t\t\t<div class=\"elementor-widget-container\">\n\t\t\t\t\t\t\t\t\t<h6>Re-energize<\/h6><h2>Objetivos del proyecto:<\/h2>\t\t\t\t\t\t\t\t<\/div>\n\t\t\t\t<\/div>\n\t\t\t\t\t<\/div>\n\t\t<\/div>\n\t\t\t\t\t<\/div>\n\t\t<\/section>\n\t\t\t\t<section class=\"elementor-section elementor-inner-section elementor-element elementor-element-9829cf4 elementor-section-boxed elementor-section-height-default elementor-section-height-default\" data-id=\"9829cf4\" data-element_type=\"section\" data-settings=\"{&quot;ekit_has_onepagescroll_dot&quot;:&quot;yes&quot;}\">\n\t\t\t\t\t\t<div class=\"elementor-container elementor-column-gap-default\">\n\t\t\t\t\t<div class=\"elementor-column elementor-col-25 elementor-inner-column elementor-element elementor-element-571834b\" data-id=\"571834b\" data-element_type=\"column\">\n\t\t\t<div class=\"elementor-widget-wrap elementor-element-populated\">\n\t\t\t\t\t\t<div class=\"elementor-element elementor-element-a5ad83b elementor-widget elementor-widget-image\" data-id=\"a5ad83b\" data-element_type=\"widget\" data-settings=\"{&quot;ekit_we_effect_on&quot;:&quot;none&quot;}\" data-widget_type=\"image.default\">\n\t\t\t\t<div class=\"elementor-widget-container\">\n\t\t\t\t\t\t\t\t\t\t\t\t\t\t\t<img fetchpriority=\"high\" decoding=\"async\" width=\"500\" height=\"500\" src=\"https:\/\/re-energize.eu\/wp-content\/uploads\/2025\/02\/1st-objectve-1-removebg-preview.png\" class=\"attachment-large size-large wp-image-250\" alt=\"\" srcset=\"https:\/\/re-energize.eu\/wp-content\/uploads\/2025\/02\/1st-objectve-1-removebg-preview.png 500w, https:\/\/re-energize.eu\/wp-content\/uploads\/2025\/02\/1st-objectve-1-removebg-preview-300x300.png 300w, https:\/\/re-energize.eu\/wp-content\/uploads\/2025\/02\/1st-objectve-1-removebg-preview-150x150.png 150w, https:\/\/re-energize.eu\/wp-content\/uploads\/2025\/02\/1st-objectve-1-removebg-preview-75x75.png 75w, https:\/\/re-energize.eu\/wp-content\/uploads\/2025\/02\/1st-objectve-1-removebg-preview-480x480.png 480w\" sizes=\"(max-width:767px) 480px, 500px\" \/>\t\t\t\t\t\t\t\t\t\t\t\t\t\t\t<\/div>\n\t\t\t\t<\/div>\n\t\t\t\t<div class=\"elementor-element elementor-element-c0cccc2 elementor-widget elementor-widget-text-editor\" data-id=\"c0cccc2\" data-element_type=\"widget\" data-settings=\"{&quot;ekit_we_effect_on&quot;:&quot;none&quot;}\" data-widget_type=\"text-editor.default\">\n\t\t\t\t<div class=\"elementor-widget-container\">\n\t\t\t\t\t\t\t\t\t<h4>Mejorar las habilidades de los profesionales en energ\u00eda renovable.<\/h4>\t\t\t\t\t\t\t\t<\/div>\n\t\t\t\t<\/div>\n\t\t\t\t\t<\/div>\n\t\t<\/div>\n\t\t\t\t<div class=\"elementor-column elementor-col-25 elementor-inner-column elementor-element elementor-element-4c4956f\" data-id=\"4c4956f\" data-element_type=\"column\">\n\t\t\t<div class=\"elementor-widget-wrap elementor-element-populated\">\n\t\t\t\t\t\t<div class=\"elementor-element elementor-element-f8c287c elementor-widget elementor-widget-image\" data-id=\"f8c287c\" data-element_type=\"widget\" data-settings=\"{&quot;ekit_we_effect_on&quot;:&quot;none&quot;}\" data-widget_type=\"image.default\">\n\t\t\t\t<div class=\"elementor-widget-container\">\n\t\t\t\t\t\t\t\t\t\t\t\t\t\t\t<img decoding=\"async\" width=\"1200\" height=\"1200\" src=\"https:\/\/re-energize.eu\/wp-content\/uploads\/2025\/02\/2nd-objective-1-1200x1200.png\" class=\"attachment-large size-large wp-image-251\" alt=\"\" srcset=\"https:\/\/re-energize.eu\/wp-content\/uploads\/2025\/02\/2nd-objective-1-1200x1200.png 1200w, https:\/\/re-energize.eu\/wp-content\/uploads\/2025\/02\/2nd-objective-1-500x500.png 500w, https:\/\/re-energize.eu\/wp-content\/uploads\/2025\/02\/2nd-objective-1-300x300.png 300w, https:\/\/re-energize.eu\/wp-content\/uploads\/2025\/02\/2nd-objective-1-768x768.png 768w, https:\/\/re-energize.eu\/wp-content\/uploads\/2025\/02\/2nd-objective-1-1536x1536.png 1536w, https:\/\/re-energize.eu\/wp-content\/uploads\/2025\/02\/2nd-objective-1-150x150.png 150w, https:\/\/re-energize.eu\/wp-content\/uploads\/2025\/02\/2nd-objective-1-75x75.png 75w, https:\/\/re-energize.eu\/wp-content\/uploads\/2025\/02\/2nd-objective-1-480x480.png 480w, https:\/\/re-energize.eu\/wp-content\/uploads\/2025\/02\/2nd-objective-1.png 1563w\" sizes=\"(max-width:767px) 480px, (max-width:1200px) 100vw, 1200px\" \/>\t\t\t\t\t\t\t\t\t\t\t\t\t\t\t<\/div>\n\t\t\t\t<\/div>\n\t\t\t\t<div class=\"elementor-element elementor-element-2248112 elementor-widget elementor-widget-text-editor\" data-id=\"2248112\" data-element_type=\"widget\" data-settings=\"{&quot;ekit_we_effect_on&quot;:&quot;none&quot;}\" data-widget_type=\"text-editor.default\">\n\t\t\t\t<div class=\"elementor-widget-container\">\n\t\t\t\t\t\t\t\t\t<h4>Promover la adopci\u00f3n de bombas de calor y tecnolog\u00edas sostenibles de calefacci\u00f3n\/refrigeraci\u00f3n.<\/h4>\t\t\t\t\t\t\t\t<\/div>\n\t\t\t\t<\/div>\n\t\t\t\t\t<\/div>\n\t\t<\/div>\n\t\t\t\t<div class=\"elementor-column elementor-col-25 elementor-inner-column elementor-element elementor-element-ca22f00\" data-id=\"ca22f00\" data-element_type=\"column\">\n\t\t\t<div class=\"elementor-widget-wrap elementor-element-populated\">\n\t\t\t\t\t\t<div class=\"elementor-element elementor-element-59f9dcd elementor-widget elementor-widget-image\" data-id=\"59f9dcd\" data-element_type=\"widget\" data-settings=\"{&quot;ekit_we_effect_on&quot;:&quot;none&quot;}\" data-widget_type=\"image.default\">\n\t\t\t\t<div class=\"elementor-widget-container\">\n\t\t\t\t\t\t\t\t\t\t\t\t\t\t\t<img decoding=\"async\" width=\"500\" height=\"500\" src=\"https:\/\/re-energize.eu\/wp-content\/uploads\/2025\/02\/3rd-objective-removebg-preview.png\" class=\"attachment-large size-large wp-image-252\" alt=\"\" srcset=\"https:\/\/re-energize.eu\/wp-content\/uploads\/2025\/02\/3rd-objective-removebg-preview.png 500w, https:\/\/re-energize.eu\/wp-content\/uploads\/2025\/02\/3rd-objective-removebg-preview-300x300.png 300w, https:\/\/re-energize.eu\/wp-content\/uploads\/2025\/02\/3rd-objective-removebg-preview-150x150.png 150w, https:\/\/re-energize.eu\/wp-content\/uploads\/2025\/02\/3rd-objective-removebg-preview-75x75.png 75w, https:\/\/re-energize.eu\/wp-content\/uploads\/2025\/02\/3rd-objective-removebg-preview-480x480.png 480w\" sizes=\"(max-width:767px) 480px, 500px\" \/>\t\t\t\t\t\t\t\t\t\t\t\t\t\t\t<\/div>\n\t\t\t\t<\/div>\n\t\t\t\t<div class=\"elementor-element elementor-element-65b409e elementor-widget elementor-widget-text-editor\" data-id=\"65b409e\" data-element_type=\"widget\" data-settings=\"{&quot;ekit_we_effect_on&quot;:&quot;none&quot;}\" data-widget_type=\"text-editor.default\">\n\t\t\t\t<div class=\"elementor-widget-container\">\n\t\t\t\t\t\t\t\t\t<h4>Sensibilizar a los consumidores, las partes interesadas y los responsables pol\u00edticos.<\/h4>\t\t\t\t\t\t\t\t<\/div>\n\t\t\t\t<\/div>\n\t\t\t\t\t<\/div>\n\t\t<\/div>\n\t\t\t\t<div class=\"elementor-column elementor-col-25 elementor-inner-column elementor-element elementor-element-b14ceca\" data-id=\"b14ceca\" data-element_type=\"column\">\n\t\t\t<div class=\"elementor-widget-wrap elementor-element-populated\">\n\t\t\t\t\t\t<div class=\"elementor-element elementor-element-02b0753 elementor-widget elementor-widget-image\" data-id=\"02b0753\" data-element_type=\"widget\" data-settings=\"{&quot;ekit_we_effect_on&quot;:&quot;none&quot;}\" data-widget_type=\"image.default\">\n\t\t\t\t<div class=\"elementor-widget-container\">\n\t\t\t\t\t\t\t\t\t\t\t\t\t\t\t<img loading=\"lazy\" decoding=\"async\" width=\"1200\" height=\"1200\" src=\"https:\/\/re-energize.eu\/wp-content\/uploads\/2025\/02\/4th-objective-1-1200x1200.png\" class=\"attachment-large size-large wp-image-253\" alt=\"\" srcset=\"https:\/\/re-energize.eu\/wp-content\/uploads\/2025\/02\/4th-objective-1-1200x1200.png 1200w, https:\/\/re-energize.eu\/wp-content\/uploads\/2025\/02\/4th-objective-1-500x500.png 500w, https:\/\/re-energize.eu\/wp-content\/uploads\/2025\/02\/4th-objective-1-300x300.png 300w, https:\/\/re-energize.eu\/wp-content\/uploads\/2025\/02\/4th-objective-1-768x768.png 768w, https:\/\/re-energize.eu\/wp-content\/uploads\/2025\/02\/4th-objective-1-1536x1536.png 1536w, https:\/\/re-energize.eu\/wp-content\/uploads\/2025\/02\/4th-objective-1-150x150.png 150w, https:\/\/re-energize.eu\/wp-content\/uploads\/2025\/02\/4th-objective-1-75x75.png 75w, https:\/\/re-energize.eu\/wp-content\/uploads\/2025\/02\/4th-objective-1-480x480.png 480w, https:\/\/re-energize.eu\/wp-content\/uploads\/2025\/02\/4th-objective-1.png 1563w\" sizes=\"(max-width:767px) 480px, (max-width:1200px) 100vw, 1200px\" \/>\t\t\t\t\t\t\t\t\t\t\t\t\t\t\t<\/div>\n\t\t\t\t<\/div>\n\t\t\t\t<div class=\"elementor-element elementor-element-eac558b elementor-widget elementor-widget-text-editor\" data-id=\"eac558b\" data-element_type=\"widget\" data-settings=\"{&quot;ekit_we_effect_on&quot;:&quot;none&quot;}\" data-widget_type=\"text-editor.default\">\n\t\t\t\t<div class=\"elementor-widget-container\">\n\t\t\t\t\t\t\t\t\t<h4>Fomentar la colaboraci\u00f3n para alcanzar los objetivos energ\u00e9ticos y clim\u00e1ticos de la UE.<\/h4>\t\t\t\t\t\t\t\t<\/div>\n\t\t\t\t<\/div>\n\t\t\t\t\t<\/div>\n\t\t<\/div>\n\t\t\t\t\t<\/div>\n\t\t<\/section>\n\t\t\t\t\t<\/div>\n\t\t<\/div>\n\t\t\t\t\t<\/div>\n\t\t<\/section>\n\t\t\t\t<section class=\"elementor-section elementor-top-section elementor-element elementor-element-6b4e8c0 elementor-section-stretched elementor-section-height-full elementor-section-boxed elementor-section-height-default elementor-section-items-middle\" data-id=\"6b4e8c0\" data-element_type=\"section\" data-settings=\"{&quot;stretch_section&quot;:&quot;section-stretched&quot;,&quot;background_background&quot;:&quot;classic&quot;,&quot;ekit_has_onepagescroll_dot&quot;:&quot;yes&quot;}\">\n\t\t\t\t\t\t<div class=\"elementor-container elementor-column-gap-wider\">\n\t\t\t\t\t<div class=\"elementor-column elementor-col-100 elementor-top-column elementor-element elementor-element-6461784\" data-id=\"6461784\" data-element_type=\"column\">\n\t\t\t<div class=\"elementor-widget-wrap elementor-element-populated\">\n\t\t\t\t\t\t<section class=\"elementor-section elementor-inner-section elementor-element elementor-element-4f20fa4 elementor-section-boxed elementor-section-height-default elementor-section-height-default\" data-id=\"4f20fa4\" data-element_type=\"section\" data-settings=\"{&quot;ekit_has_onepagescroll_dot&quot;:&quot;yes&quot;}\">\n\t\t\t\t\t\t<div class=\"elementor-container elementor-column-gap-default\">\n\t\t\t\t\t<div class=\"elementor-column elementor-col-50 elementor-inner-column elementor-element elementor-element-75f61c1\" data-id=\"75f61c1\" data-element_type=\"column\" data-settings=\"{&quot;background_background&quot;:&quot;classic&quot;}\">\n\t\t\t<div class=\"elementor-widget-wrap elementor-element-populated\">\n\t\t\t\t\t\t<div class=\"elementor-element elementor-element-471676a elementor-widget elementor-widget-text-editor\" data-id=\"471676a\" data-element_type=\"widget\" data-settings=\"{&quot;ekit_we_effect_on&quot;:&quot;none&quot;}\" data-widget_type=\"text-editor.default\">\n\t\t\t\t<div class=\"elementor-widget-container\">\n\t\t\t\t\t\t\t\t\t<h6><span style=\"color: #ffffff;\">\u00a0<\/span><\/h6><h3><span style=\"color: #ffffff;\">P\u00fablico objetivo:<\/span><\/h3>\t\t\t\t\t\t\t\t<\/div>\n\t\t\t\t<\/div>\n\t\t\t\t<div class=\"elementor-element elementor-element-fb48b3c elementor-icon-list--layout-traditional elementor-list-item-link-full_width elementor-widget elementor-widget-icon-list\" data-id=\"fb48b3c\" data-element_type=\"widget\" data-settings=\"{&quot;ekit_we_effect_on&quot;:&quot;none&quot;}\" data-widget_type=\"icon-list.default\">\n\t\t\t\t<div class=\"elementor-widget-container\">\n\t\t\t\t\t\t\t<ul class=\"elementor-icon-list-items\">\n\t\t\t\t\t\t\t<li class=\"elementor-icon-list-item\">\n\t\t\t\t\t\t\t\t\t\t\t<span class=\"elementor-icon-list-icon\">\n\t\t\t\t\t\t\t<svg aria-hidden=\"true\" class=\"e-font-icon-svg e-fas-dot-circle\" viewBox=\"0 0 512 512\" xmlns=\"http:\/\/www.w3.org\/2000\/svg\"><path d=\"M256 8C119.033 8 8 119.033 8 256s111.033 248 248 248 248-111.033 248-248S392.967 8 256 8zm80 248c0 44.112-35.888 80-80 80s-80-35.888-80-80 35.888-80 80-80 80 35.888 80 80z\"><\/path><\/svg>\t\t\t\t\t\t<\/span>\n\t\t\t\t\t\t\t\t\t\t<span class=\"elementor-icon-list-text\">Profesionales del sector de la construcci\u00f3n<\/span>\n\t\t\t\t\t\t\t\t\t<\/li>\n\t\t\t\t\t\t\t\t<li class=\"elementor-icon-list-item\">\n\t\t\t\t\t\t\t\t\t\t\t<span class=\"elementor-icon-list-icon\">\n\t\t\t\t\t\t\t<svg aria-hidden=\"true\" class=\"e-font-icon-svg e-fas-dot-circle\" viewBox=\"0 0 512 512\" xmlns=\"http:\/\/www.w3.org\/2000\/svg\"><path d=\"M256 8C119.033 8 8 119.033 8 256s111.033 248 248 248 248-111.033 248-248S392.967 8 256 8zm80 248c0 44.112-35.888 80-80 80s-80-35.888-80-80 35.888-80 80-80 80 35.888 80 80z\"><\/path><\/svg>\t\t\t\t\t\t<\/span>\n\t\t\t\t\t\t\t\t\t\t<span class=\"elementor-icon-list-text\">Formadores en Educaci\u00f3n y Formaci\u00f3n Profesional (EFP)<\/span>\n\t\t\t\t\t\t\t\t\t<\/li>\n\t\t\t\t\t\t\t\t<li class=\"elementor-icon-list-item\">\n\t\t\t\t\t\t\t\t\t\t\t<span class=\"elementor-icon-list-icon\">\n\t\t\t\t\t\t\t<svg aria-hidden=\"true\" class=\"e-font-icon-svg e-fas-dot-circle\" viewBox=\"0 0 512 512\" xmlns=\"http:\/\/www.w3.org\/2000\/svg\"><path d=\"M256 8C119.033 8 8 119.033 8 256s111.033 248 248 248 248-111.033 248-248S392.967 8 256 8zm80 248c0 44.112-35.888 80-80 80s-80-35.888-80-80 35.888-80 80-80 80 35.888 80 80z\"><\/path><\/svg>\t\t\t\t\t\t<\/span>\n\t\t\t\t\t\t\t\t\t\t<span class=\"elementor-icon-list-text\">Propietarios de viviendas y consumidores residenciales<\/span>\n\t\t\t\t\t\t\t\t\t<\/li>\n\t\t\t\t\t\t\t\t<li class=\"elementor-icon-list-item\">\n\t\t\t\t\t\t\t\t\t\t\t<span class=\"elementor-icon-list-icon\">\n\t\t\t\t\t\t\t<svg aria-hidden=\"true\" class=\"e-font-icon-svg e-fas-dot-circle\" viewBox=\"0 0 512 512\" xmlns=\"http:\/\/www.w3.org\/2000\/svg\"><path d=\"M256 8C119.033 8 8 119.033 8 256s111.033 248 248 248 248-111.033 248-248S392.967 8 256 8zm80 248c0 44.112-35.888 80-80 80s-80-35.888-80-80 35.888-80 80-80 80 35.888 80 80z\"><\/path><\/svg>\t\t\t\t\t\t<\/span>\n\t\t\t\t\t\t\t\t\t\t<span class=\"elementor-icon-list-text\">Local InsInstaladores y contratistas localestallers and Contractors<\/span>\n\t\t\t\t\t\t\t\t\t<\/li>\n\t\t\t\t\t\t\t\t<li class=\"elementor-icon-list-item\">\n\t\t\t\t\t\t\t\t\t\t\t<span class=\"elementor-icon-list-icon\">\n\t\t\t\t\t\t\t<svg aria-hidden=\"true\" class=\"e-font-icon-svg e-fas-dot-circle\" viewBox=\"0 0 512 512\" xmlns=\"http:\/\/www.w3.org\/2000\/svg\"><path d=\"M256 8C119.033 8 8 119.033 8 256s111.033 248 248 248 248-111.033 248-248S392.967 8 256 8zm80 248c0 44.112-35.888 80-80 80s-80-35.888-80-80 35.888-80 80-80 80 35.888 80 80z\"><\/path><\/svg>\t\t\t\t\t\t<\/span>\n\t\t\t\t\t\t\t\t\t\t<span class=\"elementor-icon-list-text\">Comunidades locales y grupos medioambientales<\/span>\n\t\t\t\t\t\t\t\t\t<\/li>\n\t\t\t\t\t\t\t\t<li class=\"elementor-icon-list-item\">\n\t\t\t\t\t\t\t\t\t\t\t<span class=\"elementor-icon-list-icon\">\n\t\t\t\t\t\t\t<svg aria-hidden=\"true\" class=\"e-font-icon-svg e-fas-dot-circle\" viewBox=\"0 0 512 512\" xmlns=\"http:\/\/www.w3.org\/2000\/svg\"><path d=\"M256 8C119.033 8 8 119.033 8 256s111.033 248 248 248 248-111.033 248-248S392.967 8 256 8zm80 248c0 44.112-35.888 80-80 80s-80-35.888-80-80 35.888-80 80-80 80 35.888 80 80z\"><\/path><\/svg>\t\t\t\t\t\t<\/span>\n\t\t\t\t\t\t\t\t\t\t<span class=\"elementor-icon-list-text\">Autoridades locales y nacionales<\/span>\n\t\t\t\t\t\t\t\t\t<\/li>\n\t\t\t\t\t\t<\/ul>\n\t\t\t\t\t\t<\/div>\n\t\t\t\t<\/div>\n\t\t\t\t\t<\/div>\n\t\t<\/div>\n\t\t\t\t<div class=\"elementor-column elementor-col-50 elementor-inner-column elementor-element elementor-element-5bd9a6c\" data-id=\"5bd9a6c\" data-element_type=\"column\">\n\t\t\t<div class=\"elementor-widget-wrap\">\n\t\t\t\t\t\t\t<\/div>\n\t\t<\/div>\n\t\t\t\t\t<\/div>\n\t\t<\/section>\n\t\t\t\t\t<\/div>\n\t\t<\/div>\n\t\t\t\t\t<\/div>\n\t\t<\/section>\n\t\t\t\t<\/div>\n\t\t","protected":false},"excerpt":{"rendered":"<p>ABOUT US El proyecto Re-Energize est\u00e1 financiado bajo el programa LIFE, la iniciativa de financiaci\u00f3n principal de la UE para proyectos medioambientales, de conservaci\u00f3n de la<span class=\"excerpt-hellip\"> [\u2026]<\/span><\/p>\n","protected":false},"author":1,"featured_media":0,"parent":0,"menu_order":0,"comment_status":"open","ping_status":"open","template":"elementor_header_footer","meta":{"footnotes":""},"class_list":["post-527","page","type-page","status-publish","hentry"],"_links":{"self":[{"href":"https:\/\/re-energize.eu\/es\/wp-json\/wp\/v2\/pages\/527","targetHints":{"allow":["GET"]}}],"collection":[{"href":"https:\/\/re-energize.eu\/es\/wp-json\/wp\/v2\/pages"}],"about":[{"href":"https:\/\/re-energize.eu\/es\/wp-json\/wp\/v2\/types\/page"}],"author":[{"embeddable":true,"href":"https:\/\/re-energize.eu\/es\/wp-json\/wp\/v2\/users\/1"}],"replies":[{"embeddable":true,"href":"https:\/\/re-energize.eu\/es\/wp-json\/wp\/v2\/comments?post=527"}],"version-history":[{"count":4,"href":"https:\/\/re-energize.eu\/es\/wp-json\/wp\/v2\/pages\/527\/revisions"}],"predecessor-version":[{"id":921,"href":"https:\/\/re-energize.eu\/es\/wp-json\/wp\/v2\/pages\/527\/revisions\/921"}],"wp:attachment":[{"href":"https:\/\/re-energize.eu\/es\/wp-json\/wp\/v2\/media?parent=527"}],"curies":[{"name":"wp","href":"https:\/\/api.w.org\/{rel}","templated":true}]}}